{"id":474,"date":"2022-08-08T07:54:49","date_gmt":"2022-08-08T07:54:49","guid":{"rendered":"https:\/\/bermuda.ee\/?page_id=474"},"modified":"2022-08-08T09:39:44","modified_gmt":"2022-08-08T09:39:44","slug":"joelahtme","status":"publish","type":"page","link":"https:\/\/bermuda.ee\/ru\/joelahtme\/","title":{"rendered":"\u041f\u0440\u043e\u0435\u043a\u0442. \u041e\u0441\u043e\u0431\u043d\u044f\u043a \u0432 \u0432\u043e\u043b\u043e\u0441\u0442\u0438 \u0419\u044b\u044d\u043b\u044f\u0445\u0442\u043c\u0435."},"content":{"rendered":"<p>[et_pb_section fb_built=&#187;1&#8243; _builder_version=&#187;4.14.8&#8243; background_color=&#187;#ada9aa&#187; custom_padding=&#187;|||&#187; global_colors_info=&#187;{}&#187;][et_pb_row _builder_version=&#187;4.14.8&#8243; _module_preset=&#187;default&#187; global_colors_info=&#187;{}&#187;][et_pb_column type=&#187;4_4&#8243; _builder_version=&#187;4.14.8&#8243; _module_preset=&#187;default&#187; global_colors_info=&#187;{}&#187;][et_pb_text _builder_version=&#187;4.14.8&#8243; _module_preset=&#187;default&#187; text_text_color=&#187;#FFFFFF&#187; header_font=&#187;Mulish|500||on|||||&#187; header_text_align=&#187;center&#187; header_text_color=&#187;#FFFFFF&#187; hover_enabled=&#187;0&#8243; global_colors_info=&#187;{}&#187; sticky_enabled=&#187;0&#8243;]<\/p>\n<h1>\u041f\u0440\u043e\u0435\u043a\u0442. \u041e\u0441\u043e\u0431\u043d\u044f\u043a \u0432 \u0432\u043e\u043b\u043e\u0441\u0442\u0438 \u0419\u044b\u044d\u043b\u044f\u0445\u0442\u043c\u0435.<\/h1>\n<p>[\/et_pb_text][\/et_pb_column][\/et_pb_row][et_pb_row use_custom_gutter=&#187;on&#187; gutter_width=&#187;2&#8243; _builder_version=&#187;4.14.8&#8243; max_width=&#187;1280px&#187; min_height=&#187;541.5px&#187; custom_margin=&#187;|||&#187; custom_padding=&#187;||0px|||&#187; use_custom_width=&#187;on&#187; custom_width_px=&#187;1280px&#187; global_colors_info=&#187;{}&#187;][et_pb_column type=&#187;4_4&#8243; _builder_version=&#187;3.25&#8243; custom_padding=&#187;|||&#187; global_colors_info=&#187;{}&#187; custom_padding__hover=&#187;|||&#187;][et_pb_gallery gallery_ids=&#187;458,466,468,470&#8243; posts_number=&#187;5&#8243; show_title_and_caption=&#187;off&#187; show_pagination=&#187;off&#187; zoom_icon_color=&#187;#464c54&#8243; hover_overlay_color=&#187;rgba(173,169,170,0.21)&#187; _builder_version=&#187;4.14.8&#8243; _module_preset=&#187;default&#187; global_colors_info=&#187;{}&#187;][\/et_pb_gallery][\/et_pb_column][\/et_pb_row][et_pb_row use_custom_gutter=&#187;on&#187; _builder_version=&#187;4.14.8&#8243; _module_preset=&#187;default&#187; max_width=&#187;1280px&#187; custom_padding=&#187;0px|||||&#187; global_colors_info=&#187;{}&#187;][et_pb_column type=&#187;4_4&#8243; _builder_version=&#187;4.14.8&#8243; _module_preset=&#187;default&#187; global_colors_info=&#187;{}&#187;][et_pb_button button_url=&#187;https:\/\/bermuda.ee\/ru\/#portfolio1&#8243; button_text=&#187;\u041d\u0410\u0417\u0410\u0414&#187; _builder_version=&#187;4.14.8&#8243; _module_preset=&#187;default&#187; custom_button=&#187;on&#187; button_text_size=&#187;14px&#187; button_text_color=&#187;#FFFFFF&#187; button_bg_color=&#187;#464c54&#8243; button_border_color=&#187;RGBA(255,255,255,0)&#187; button_border_radius=&#187;15px&#187; button_font=&#187;Mulish|||on|||||&#187; button_use_icon=&#187;off&#187; custom_padding=&#187;|30px||30px|false|false&#187; global_colors_info=&#187;{}&#187;][\/et_pb_button][\/et_pb_column][\/et_pb_row][\/et_pb_section]<\/p>\n","protected":false},"excerpt":{"rendered":"<p>\u041f\u0440\u043e\u0435\u043a\u0442. \u041e\u0441\u043e\u0431\u043d\u044f\u043a \u0432 \u0432\u043e\u043b\u043e\u0441\u0442\u0438 \u0419\u044b\u044d\u043b\u044f\u0445\u0442\u043c\u0435.<\/p>\n","protected":false},"author":2,"featured_media":0,"parent":0,"menu_order":0,"comment_status":"closed","ping_status":"closed","template":"page-template-blank.php","meta":{"_et_pb_use_builder":"on","_et_pb_old_content":"[et_pb_section fb_built=\"1\" _builder_version=\"4.14.8\" background_color=\"#ada9aa\" custom_padding=\"|||\" global_colors_info=\"{}\"][et_pb_row _builder_version=\"4.14.8\" _module_preset=\"default\" global_colors_info=\"{}\"][et_pb_column type=\"4_4\" _builder_version=\"4.14.8\" _module_preset=\"default\" global_colors_info=\"{}\"][et_pb_text _builder_version=\"4.14.8\" _module_preset=\"default\" text_text_color=\"#FFFFFF\" header_font=\"Mulish|500||on|||||\" header_text_align=\"center\" header_text_color=\"#FFFFFF\" hover_enabled=\"0\" global_colors_info=\"{}\" sticky_enabled=\"0\"]<h1>Projekt. \u00dcksikelamu J\u00f5el\u00e4htme vallas.<\/h1>[\/et_pb_text][\/et_pb_column][\/et_pb_row][et_pb_row use_custom_gutter=\"on\" gutter_width=\"2\" _builder_version=\"4.14.8\" max_width=\"1280px\" min_height=\"541.5px\" custom_margin=\"|||\" custom_padding=\"||0px|||\" use_custom_width=\"on\" custom_width_px=\"1280px\" global_colors_info=\"{}\"][et_pb_column type=\"4_4\" _builder_version=\"3.25\" custom_padding=\"|||\" global_colors_info=\"{}\" custom_padding__hover=\"|||\"][et_pb_gallery gallery_ids=\"457,465,467,469\" posts_number=\"5\" show_title_and_caption=\"off\" show_pagination=\"off\" zoom_icon_color=\"#464c54\" hover_overlay_color=\"rgba(173,169,170,0.21)\" _builder_version=\"4.14.8\" _module_preset=\"default\" hover_enabled=\"0\" global_colors_info=\"{}\" sticky_enabled=\"0\"][\/et_pb_gallery][\/et_pb_column][\/et_pb_row][et_pb_row use_custom_gutter=\"on\" _builder_version=\"4.14.8\" _module_preset=\"default\" max_width=\"1280px\" custom_padding=\"0px|||||\" global_colors_info=\"{}\"][et_pb_column type=\"4_4\" _builder_version=\"4.14.8\" _module_preset=\"default\" global_colors_info=\"{}\"][et_pb_button button_url=\"https:\/\/bermuda.ee\/#portfolio\" button_text=\"Tagasi\" _builder_version=\"4.14.8\" _module_preset=\"default\" custom_button=\"on\" button_text_size=\"14px\" button_text_color=\"#FFFFFF\" button_bg_color=\"#464c54\" button_border_color=\"RGBA(255,255,255,0)\" button_border_radius=\"15px\" button_font=\"Mulish|||on|||||\" button_use_icon=\"off\" custom_padding=\"|30px||30px|false|false\" hover_enabled=\"0\" global_colors_info=\"{}\" sticky_enabled=\"0\"][\/et_pb_button][\/et_pb_column][\/et_pb_row][\/et_pb_section]","_et_gb_content_width":"","rank_math_lock_modified_date":false,"footnotes":""},"class_list":["post-474","page","type-page","status-publish","hentry"],"_links":{"self":[{"href":"https:\/\/bermuda.ee\/ru\/wp-json\/wp\/v2\/pages\/474"}],"collection":[{"href":"https:\/\/bermuda.ee\/ru\/wp-json\/wp\/v2\/pages"}],"about":[{"href":"https:\/\/bermuda.ee\/ru\/wp-json\/wp\/v2\/types\/page"}],"author":[{"embeddable":true,"href":"https:\/\/bermuda.ee\/ru\/wp-json\/wp\/v2\/users\/2"}],"replies":[{"embeddable":true,"href":"https:\/\/bermuda.ee\/ru\/wp-json\/wp\/v2\/comments?post=474"}],"version-history":[{"count":5,"href":"https:\/\/bermuda.ee\/ru\/wp-json\/wp\/v2\/pages\/474\/revisions"}],"predecessor-version":[{"id":482,"href":"https:\/\/bermuda.ee\/ru\/wp-json\/wp\/v2\/pages\/474\/revisions\/482"}],"wp:attachment":[{"href":"https:\/\/bermuda.ee\/ru\/wp-json\/wp\/v2\/media?parent=474"}],"curies":[{"name":"wp","href":"https:\/\/api.w.org\/{rel}","templated":true}]}}